{"id":26796,"date":"2018-01-09T11:44:33","date_gmt":"2018-01-09T10:44:33","guid":{"rendered":"https:\/\/petittrainvaison.com\/?page_id=26796"},"modified":"2018-01-16T10:32:38","modified_gmt":"2018-01-16T09:32:38","slug":"follow-us","status":"publish","type":"page","link":"https:\/\/petittrainvaison.com\/en\/follow-us\/","title":{"rendered":"Follow us !"},"content":{"rendered":"<p>[et_pb_section bb_built=&#8221;1&#8243; admin_label=&#8221;section&#8221; fullwidth=&#8221;on&#8221; _builder_version=&#8221;3.0.51&#8243; background_image=&#8221;https:\/\/petittrainvaison.com\/wp-content\/uploads\/sites\/7\/2017\/05\/Illus-fondsuivez-nous.jpg&#8221; custom_padding=&#8221;0px|0px|0px|0px&#8221;][et_pb_fullwidth_image admin_label=&#8221;image pleine largeur &#8221; src=&#8221;https:\/\/petittrainvaison.com\/wp-content\/uploads\/sites\/7\/2017\/05\/Illus-petittrainsuivez-nous.png&#8221; _builder_version=&#8221;3.0.51&#8243; custom_margin=&#8221;|||&#8221; animation_style=&#8221;slide&#8221; animation_direction=&#8221;left&#8221; animation_duration=&#8221;500ms&#8221; animation_intensity_slide=&#8221;10%&#8221; animation=&#8221;left&#8221; _i=&#8221;0&#8243; _address=&#8221;0.0&#8243; \/][\/et_pb_section][et_pb_section bb_built=&#8221;1&#8243; admin_label=&#8221;section&#8221; background_color=&#8221;#df8300&#8243; _builder_version=&#8221;3.0.51&#8243;][et_pb_row admin_label=&#8221;row&#8221; custom_padding=&#8221;14px|0px|38px|0px&#8221; _builder_version=&#8221;3.0.47&#8243; background_size=&#8221;initial&#8221; background_position=&#8221;top_left&#8221; background_repeat=&#8221;repeat&#8221; _i=&#8221;0&#8243; _address=&#8221;1.0&#8243;][et_pb_column type=&#8221;1_2&#8243;][et_pb_text admin_label=&#8221;Texte &#8221; _builder_version=&#8221;3.0.80&#8243; text_font=&#8221;Trocchi||||&#8221; text_font_size=&#8221;42px&#8221; text_text_color=&#8221;#ffffff&#8221; header_font_size=&#8221;1px&#8221; background_size=&#8221;initial&#8221; background_position=&#8221;top_left&#8221; background_repeat=&#8221;repeat&#8221; module_alignment=&#8221;left&#8221;]<\/p>\n<p style=\"text-align: right;\"><span style=\"font-size: xx-large;\">FOLLOW US<\/span><\/p>\n<p>[\/et_pb_text][\/et_pb_column][et_pb_column type=&#8221;1_2&#8243;][et_pb_social_media_follow link_shape=&#8221;circle&#8221; background_layout=&#8221;dark&#8221; _builder_version=&#8221;3.0.51&#8243; border_radii=&#8221;on|100%|100%|100%|100%&#8221;][et_pb_social_media_follow_network social_network=&#8221;youtube&#8221; url=&#8221;https:\/\/www.youtube.com\/user\/CarsLieutaud&#8221; _builder_version=&#8221;3.0.47&#8243; background_color=&#8221;#ffffff&#8221; bg_color=&#8221;#ffffff&#8221; link_shape=&#8221;circle&#8221; follow_button=&#8221;off&#8221; url_new_window=&#8221;on&#8221;] YouTube [\/et_pb_social_media_follow_network][et_pb_social_media_follow_network social_network=&#8221;facebook&#8221; url=&#8221;https:\/\/www.facebook.com\/carslieutaud\/&#8221; _builder_version=&#8221;3.0.47&#8243; background_color=&#8221;#ffffff&#8221; bg_color=&#8221;#ffffff&#8221; link_shape=&#8221;circle&#8221; follow_button=&#8221;off&#8221; url_new_window=&#8221;on&#8221;] Facebook [\/et_pb_social_media_follow_network][et_pb_social_media_follow_network social_network=&#8221;linkedin&#8221; url=&#8221;https:\/\/www.linkedin.com\/company-beta\/11165995\/&#8221; _builder_version=&#8221;3.0.47&#8243; background_color=&#8221;#ffffff&#8221; bg_color=&#8221;#ffffff&#8221; link_shape=&#8221;circle&#8221; follow_button=&#8221;off&#8221; url_new_window=&#8221;on&#8221;] LinkedIn [\/et_pb_social_media_follow_network][et_pb_social_media_follow_network social_network=&#8221;instagram&#8221; url=&#8221;https:\/\/www.instagram.com\/carslieutaud\/&#8221; _builder_version=&#8221;3.0.47&#8243; background_color=&#8221;#ffffff&#8221; bg_color=&#8221;#ffffff&#8221; link_shape=&#8221;circle&#8221; follow_button=&#8221;off&#8221; url_new_window=&#8221;on&#8221;] Instagram [\/et_pb_social_media_follow_network][\/et_pb_social_media_follow][\/et_pb_column][\/et_pb_row][et_pb_row admin_label=&#8221;row&#8221; custom_padding=&#8221;0px|0px|27px|0px&#8221; _builder_version=&#8221;3.0.47&#8243; background_size=&#8221;initial&#8221; background_position=&#8221;top_left&#8221; background_repeat=&#8221;repeat&#8221; _i=&#8221;1&#8243; _address=&#8221;1.1&#8243;][et_pb_column type=&#8221;4_4&#8243;][et_pb_divider show_divider=&#8221;on&#8221; divider_style=&#8221;dotted&#8221; divider_position=&#8221;top&#8221; divider_weight=&#8221;4px&#8221; disabled_on=&#8221;on|on|off&#8221; _builder_version=&#8221;3.0.51&#8243; hide_on_mobile=&#8221;on&#8221; \/][et_pb_text admin_label=&#8221;Texte &#8221; _builder_version=&#8221;3.0.51&#8243; text_font=&#8221;Trocchi||||&#8221; background_size=&#8221;initial&#8221; background_position=&#8221;top_left&#8221; background_repeat=&#8221;repeat&#8221; module_alignment=&#8221;left&#8221; inline_fonts=&#8221;Bevan&#8221;]<\/p>\n<p class=\"\" style=\"text-align: center;\"><span style=\"font-size: xx-large; font-family: trocchi; font-weight: normal; color: #ffffff;\">NEWSLETTER<\/span><\/p>\n<p style=\"text-align: center;\"><span style=\"font-size: large; color: #ffffff;\">To receive our newsletter, to be informed about the life of our company, our fleet of coaches, our offers of business tourism or receptive, or receive information on our regular lines and school lines<\/span><\/p>\n<p>[\/et_pb_text][et_pb_code _builder_version=&#8221;3.0.80&#8243;]<div class=\"et_bloom_inline_form et_bloom_optin et_bloom_make_form_visible et_bloom_optin_2\" style=\"display: none;\">\n\t\t\t\t<style type=\"text\/css\">.et_bloom .et_bloom_optin_2 .et_bloom_form_content { background-color: #f4f4f4 !important; } .et_bloom .et_bloom_optin_2 .et_bloom_form_container .et_bloom_form_header { background-color: #df8300 !important; } .et_bloom .et_bloom_optin_2 .et_bloom_form_content button { background-color: #9a9d45 !important; } .et_bloom .et_bloom_optin_2 .et_bloom_form_content .et_bloom_fields i { color: #9a9d45 !important; } .et_bloom .et_bloom_optin_2 .et_bloom_form_content .et_bloom_custom_field_radio i:before { background: #9a9d45 !important; } .et_bloom .et_bloom_optin_2 .et_bloom_form_content button { background-color: #9a9d45 !important; } .et_bloom .et_bloom_optin_2 .et_bloom_form_container h2, .et_bloom .et_bloom_optin_2 .et_bloom_form_container h2 span, .et_bloom .et_bloom_optin_2 .et_bloom_form_container h2 strong { font-family: \"Open Sans\", Helvetica, Arial, Lucida, sans-serif; }.et_bloom .et_bloom_optin_2 .et_bloom_form_container p, .et_bloom .et_bloom_optin_2 .et_bloom_form_container p span, .et_bloom .et_bloom_optin_2 .et_bloom_form_container p strong, .et_bloom .et_bloom_optin_2 .et_bloom_form_container form input, .et_bloom .et_bloom_optin_2 .et_bloom_form_container form button span { font-family: \"Open Sans\", Helvetica, Arial, Lucida, sans-serif; } <\/style>\n\t\t\t\t<div class=\"et_bloom_form_container  et_bloom_rounded et_bloom_form_text_dark et_bloom_form_bottom et_bloom_inline_1_field\">\n\t\t\t\t\t\n\t\t\t<div class=\"et_bloom_form_container_wrapper clearfix\">\n\t\t\t\t<div class=\"et_bloom_header_outer\">\n\t\t\t\t\t<div class=\"et_bloom_form_header et_bloom_header_text_light\">\n\t\t\t\t\t\t\n\t\t\t\t\t\t\n\t\t\t\t\t\t\n\t\t\t\t\t<\/div>\n\t\t\t\t<\/div>\n\t\t\t\t<div class=\"et_bloom_form_content et_bloom_1_field et_bloom_bottom_inline\">\n\t\t\t\t\t\n\t\t\t\t\t\n\t\t\t\t\t<form method=\"post\" class=\"clearfix\">\n\t\t\t\t\t\t<div class=\"et_bloom_fields\">\n\t\t\t\t\t\t\t\n\t\t\t\t\t\t\t<p class=\"et_bloom_popup_input et_bloom_subscribe_email\">\n\t\t\t\t\t\t\t\t<input placeholder=\"Saisissez votre email\">\n\t\t\t\t\t\t\t<\/p>\n\t\t\t\t\t\t\t\n\t\t\t\t\t\t\t<button data-optin_id=\"optin_2\" data-service=\"sendinblue\" data-list_id=\"6\" data-page_id=\"26796\" data-account=\"lieutaud\" data-ip_address=\"false\" class=\"et_bloom_submit_subscription\">\n\t\t\t\t\t\t\t\t<span class=\"et_bloom_subscribe_loader\"><\/span>\n\t\t\t\t\t\t\t\t<span class=\"et_bloom_button_text et_bloom_button_text_color_light\">S&#039;INSCRIRE<\/span>\n\t\t\t\t\t\t\t<\/button>\n\t\t\t\t\t\t<\/div>\n\t\t\t\t\t<\/form>\n\t\t\t\t\t<div class=\"et_bloom_success_container\">\n\t\t\t\t\t\t<span class=\"et_bloom_success_checkmark\"><\/span>\n\t\t\t\t\t<\/div>\n\t\t\t\t\t<h2 class=\"et_bloom_success_message\">Vous avez \u00e9t\u00e9 inscrit avec succ\u00e8s !<\/h2>\n\t\t\t\t\t\n\t\t\t\t<\/div>\n\t\t\t<\/div>\n\t\t\t<span class=\"et_bloom_close_button\"><\/span>\n\t\t\t\t<\/div>\n\t\t\t<\/div>[\/et_pb_code][\/et_pb_column][\/et_pb_row][\/et_pb_section][et_pb_section bb_built=&#8221;1&#8243; admin_label=&#8221;Bouton Contact &amp; R\u00e9servation&#8221; background_color=&#8221;#d4ceca&#8221; make_fullwidth=&#8221;on&#8221; make_equal=&#8221;on&#8221; use_custom_gutter=&#8221;on&#8221; gutter_width=&#8221;1&#8243; parallax_method_1=&#8221;off&#8221; padding_bottom_1=&#8221;0px&#8221; disabled_on=&#8221;on|on|&#8221; module_class=&#8221;active&#8221; saved_tabs=&#8221;all&#8221; _builder_version=&#8221;3.0.49&#8243; custom_padding=&#8221;0px||0px|&#8221; custom_padding_last_edited=&#8221;off|desktop&#8221; global_module=&#8221;26812&#8243;][et_pb_row admin_label=&#8221;row&#8221; global_parent=&#8221;26812&#8243; make_fullwidth=&#8221;on&#8221; use_custom_gutter=&#8221;on&#8221; gutter_width=&#8221;1&#8243; custom_padding=&#8221;0px|0px|0px|0px&#8221; custom_margin=&#8221;||0px|&#8221; background_color=&#8221;#ffffff&#8221; make_equal=&#8221;on&#8221; padding_bottom_1=&#8221;0px&#8221; parallax_method_1=&#8221;off&#8221; module_class=&#8221;five-columns blurb-hover&#8221; background_position=&#8221;top_left&#8221; background_repeat=&#8221;repeat&#8221; background_size=&#8221;initial&#8221;][et_pb_column type=&#8221;4_4&#8243;][et_pb_blurb admin_label=&#8221;Lien vers From 1875 to Today&#8221; global_parent=&#8221;26812&#8243; url=&#8221;http:\/\/www.cars-lieutaud.fr&#8221; icon_color=&#8221;#ffffff&#8221; text_orientation=&#8221;center&#8221; header_font_size=&#8221;14px&#8221; body_text_color=&#8221;#ffffff&#8221; background_image=&#8221;https:\/\/visiteavignon.com\/wp-content\/uploads\/sites\/7\/2017\/05\/Footer-button-01-LieutaudCorporate.jpg&#8221; background_position=&#8221;top_center&#8221; _builder_version=&#8221;3.0.94&#8243; url_new_window=&#8221;off&#8221; use_icon=&#8221;off&#8221; use_circle=&#8221;off&#8221; use_circle_border=&#8221;off&#8221; icon_placement=&#8221;top&#8221; use_icon_font_size=&#8221;off&#8221; background_layout=&#8221;light&#8221; title=&#8221;From 1875 to Today&#8221; max_width_tablet=&#8221;50px&#8221;]<\/p>\n<p>From the carriage to the coaches, experience the Lieutaud saga! Get to know our values \u200b\u200band our philosophy. Discover our fleet, our teams, in our 3 agencies.<\/p>\n<div class=\"et_pb_main_blurb_image\"><a href=\"http:\/\/www.cars-lieutaud.fr\"><span class=\"et-pb-icon et-waypoint et_pb_animation_top et-animated\" style=\"color: #ffffff;\">=<\/span><\/a><\/div>\n<p>[\/et_pb_blurb][et_pb_blurb admin_label=&#8221;Lien vers Regular School Lines&#8221; global_parent=&#8221;26812&#8243; url=&#8221;http:\/\/www.lieutaud.fr&#8221; icon_color=&#8221;#ffffff&#8221; text_orientation=&#8221;center&#8221; body_text_color=&#8221;#ffffff&#8221; background_image=&#8221;https:\/\/visiteavignon.com\/wp-content\/uploads\/sites\/7\/2017\/05\/Footer-button-01-LieutaudVaison.jpg&#8221; background_position=&#8221;top_center&#8221; _builder_version=&#8221;3.0.94&#8243; url_new_window=&#8221;off&#8221; use_icon=&#8221;off&#8221; use_circle=&#8221;off&#8221; use_circle_border=&#8221;off&#8221; icon_placement=&#8221;top&#8221; use_icon_font_size=&#8221;off&#8221; background_layout=&#8221;light&#8221; title=&#8221;Regular &amp; School Lines &#8211; Local &amp; Group Tourism&#8221; max_width_tablet=&#8221;50px&#8221;]<\/p>\n<p>Timetables, lines, points of sale and information on the TransVaucluse network. FLASH INFO to follow the live traffic. Organization of transport for school and group travel.<\/p>\n<div class=\"et_pb_main_blurb_image\"><a href=\"http:\/\/www.lieutaud.fr\"><span class=\"et-pb-icon et-waypoint et_pb_animation_top et-animated\" style=\"color: #ffffff;\">=<\/span><\/a><\/div>\n<p>[\/et_pb_blurb][et_pb_blurb admin_label=&#8221;Lien vers Petit Train Vaison&#8221; global_parent=&#8221;26812&#8243; icon_color=&#8221;#ffffff&#8221; text_orientation=&#8221;center&#8221; body_text_color=&#8221;#ffffff&#8221; background_image=&#8221;https:\/\/petittrainvaison.com\/wp-content\/uploads\/sites\/7\/2017\/06\/Footer-button-01-LieutaudTrainVaison-Off.jpg&#8221; background_position=&#8221;top_center&#8221; _builder_version=&#8221;3.0.94&#8243; url_new_window=&#8221;off&#8221; use_icon=&#8221;off&#8221; use_circle=&#8221;off&#8221; use_circle_border=&#8221;off&#8221; icon_placement=&#8221;top&#8221; use_icon_font_size=&#8221;off&#8221; background_layout=&#8221;light&#8221; module_class=&#8221;active&#8221; title=&#8221;Cross more than 2000 years of history !&#8221; url=&#8221;http:\/\/petittrainvaison.com&#8221; max_width_tablet=&#8221;50px&#8221;]<\/p>\n<p>The Tourist Train of Vaison La Romaine proposes a circuit in a small train in the historical centre of Vaison la Romaine.<\/p>\n<p>[\/et_pb_blurb][et_pb_blurb admin_label=&#8221;Lien vers Grand Touring&#8221; global_parent=&#8221;26812&#8243; url=&#8221;http:\/\/www.cars-lieutaud.com&#8221; icon_color=&#8221;#ffffff&#8221; text_orientation=&#8221;center&#8221; body_text_color=&#8221;#ffffff&#8221; background_image=&#8221;https:\/\/visiteavignon.com\/wp-content\/uploads\/sites\/7\/2017\/05\/Footer-button-01-LieutaudAutocars.jpg&#8221; background_position=&#8221;top_center&#8221; _builder_version=&#8221;3.0.94&#8243; url_new_window=&#8221;off&#8221; use_icon=&#8221;off&#8221; use_circle=&#8221;off&#8221; use_circle_border=&#8221;off&#8221; icon_placement=&#8221;top&#8221; use_icon_font_size=&#8221;off&#8221; background_layout=&#8221;light&#8221; title=&#8221;Grand Touring, Business Travel&#8221; max_width_tablet=&#8221;50px&#8221;]<\/p>\n<p>A premium range of Mercedes coaches for your seminars, congresses, receptive tourism, weddings and excursions &#8230;<\/p>\n<div class=\"et_pb_main_blurb_image\"><a href=\"http:\/\/www.cars-lieutaud.com\"><span class=\"et-pb-icon et-waypoint et_pb_animation_top et-animated\" style=\"color: #ffffff;\">=<\/span><\/a><\/div>\n<p>[\/et_pb_blurb][et_pb_blurb admin_label=&#8221;Lien vers Tourist Train and Open Tour&#8221; global_parent=&#8221;26812&#8243; icon_color=&#8221;#ffffff&#8221; text_orientation=&#8221;center&#8221; header_font=&#8221;Montserrat|||on|&#8221; header_font_size=&#8221;14px&#8221; header_text_color=&#8221;#605e5e&#8221; header_line_height=&#8221;1.3em&#8221; body_text_color=&#8221;#ffffff&#8221; body_line_height=&#8221;1.4em&#8221; background_image=&#8221;https:\/\/petittrainvaison.com\/wp-content\/uploads\/sites\/7\/2017\/06\/Footer-button-01-LieutaudVisiteAvignon.jpg&#8221; background_position=&#8221;top_center&#8221; _builder_version=&#8221;3.0.94&#8243; url_new_window=&#8221;off&#8221; use_icon=&#8221;off&#8221; use_circle=&#8221;off&#8221; use_circle_border=&#8221;off&#8221; icon_placement=&#8221;top&#8221; use_icon_font_size=&#8221;off&#8221; background_layout=&#8221;light&#8221; url=&#8221;https:\/\/visiteavignon.com&#8221; title=&#8221;Tourist Train and Open Tour&#8221; max_width_tablet=&#8221;50px&#8221;]<\/p>\n<p><strong>Visite Avignon<\/strong> allows you to discover the cities of Avignon and Villeneuve les Avignon by train and \/ or open tour. A city tour with original itineraries covering 19 sites. A shop to discover, 40 cours Jean Jaur\u00e8s.<\/p>\n<div class=\"et_pb_main_blurb_image\"><a href=\"http:\/\/www.visiteavignon.com\"><span class=\"et-pb-icon et-waypoint et_pb_animation_top et-animated\" style=\"color: #ffffff;\">=<\/span><\/a><\/div>\n<p>[\/et_pb_blurb][\/et_pb_column][\/et_pb_row][et_pb_row global_parent=&#8221;26812&#8243; make_fullwidth=&#8221;on&#8221; background_color=&#8221;#d4ceca&#8221; parallax_method_1=&#8221;off&#8221; parallax_method_2=&#8221;off&#8221; background_position=&#8221;top_left&#8221; background_repeat=&#8221;repeat&#8221; background_size=&#8221;initial&#8221; _builder_version=&#8221;3.0.49&#8243; background_position_1=&#8221;top_left&#8221; background_repeat_1=&#8221;no-repeat&#8221; background_position_2=&#8221;top_left&#8221; background_repeat_2=&#8221;no-repeat&#8221; custom_margin=&#8221;|0px||0px&#8221; custom_padding=&#8221;|0px||0px&#8221; custom_width_percent=&#8221;100%&#8221; gutter_width=&#8221;1&#8243; custom_css_main_element=&#8221;width: 100% !important;||max-width: 100% !important;&#8221; use_custom_width=&#8221;on&#8221; width_unit=&#8221;off&#8221; padding_left_1=&#8221;10%&#8221;][et_pb_column type=&#8221;1_2&#8243;][et_pb_social_media_follow global_parent=&#8221;26812&#8243; link_shape=&#8221;circle&#8221; url_new_window=&#8221;off&#8221; custom_css_social_icon=&#8221;background-color: #BAB6B5;&#8221; _builder_version=&#8221;3.0.51&#8243; follow_button=&#8221;off&#8221; background_layout=&#8221;light&#8221; border_radii=&#8221;on|100%|100%|100%|100%&#8221;][et_pb_social_media_follow_network social_network=&#8221;youtube&#8221; url=&#8221;https:\/\/www.youtube.com\/user\/CarsLieutaud&#8221; bg_color=&#8221;#a82400&#8243; link_shape=&#8221;circle&#8221; follow_button=&#8221;off&#8221; url_new_window=&#8221;off&#8221;] YouTube [\/et_pb_social_media_follow_network][et_pb_social_media_follow_network social_network=&#8221;facebook&#8221; url=&#8221;https:\/\/www.facebook.com\/carslieutaud\/&#8221; bg_color=&#8221;#3b5998&#8243; link_shape=&#8221;circle&#8221; follow_button=&#8221;off&#8221; url_new_window=&#8221;off&#8221; skype_action=&#8221;call&#8221;] Facebook [\/et_pb_social_media_follow_network][et_pb_social_media_follow_network social_network=&#8221;linkedin&#8221; bg_color=&#8221;#007bb6&#8243; link_shape=&#8221;circle&#8221; follow_button=&#8221;off&#8221; url_new_window=&#8221;off&#8221; skype_action=&#8221;call&#8221; url=&#8221;https:\/\/www.linkedin.com\/company-beta\/11165995\/&#8221;] LinkedIn [\/et_pb_social_media_follow_network][et_pb_social_media_follow_network social_network=&#8221;instagram&#8221; bg_color=&#8221;#517fa4&#8243; link_shape=&#8221;circle&#8221; follow_button=&#8221;off&#8221; url_new_window=&#8221;off&#8221; skype_action=&#8221;call&#8221; url=&#8221;https:\/\/www.instagram.com\/carslieutaud\/&#8221;] Instagram [\/et_pb_social_media_follow_network][\/et_pb_social_media_follow][\/et_pb_column][et_pb_column type=&#8221;1_2&#8243;][et_pb_button admin_label=&#8221;Bouton Contact &amp; R\u00e9servation&#8221; global_parent=&#8221;26812&#8243; button_url=&#8221;\/en\/contact-reservation\/&#8221; button_text=&#8221;Contact &amp; Online booking&#8221; button_alignment=&#8221;center&#8221; custom_button=&#8221;on&#8221; button_text_size=&#8221;15px&#8221; button_text_color=&#8221;#df8300&#8243; button_border_color=&#8221;#df8300&#8243; button_border_radius=&#8221;9px&#8221; button_icon=&#8221;%%3%%&#8221; button_text_color_hover=&#8221;#ffffff&#8221; button_bg_color_hover=&#8221;#df8300&#8243; saved_tabs=&#8221;all&#8221; background_color=&#8221;#444441&#8243; _builder_version=&#8221;3.0.94&#8243; url_new_window=&#8221;off&#8221; background_layout=&#8221;light&#8221; button_icon_placement=&#8221;right&#8221; \/][\/et_pb_column][\/et_pb_row][\/et_pb_section]<\/p>\n<span class=\"et_bloom_bottom_trigger\"><\/span>","protected":false},"excerpt":{"rendered":"<p>FOLLOW US YouTube Facebook LinkedIn Instagram NEWSLETTER To receive our newsletter, to be informed about the life of our company, our fleet of coaches, our offers of business tourism or receptive, or receive information on our regular lines and school lines <div class=\"et_bloom_inline_form et_bloom_optin et_bloom_make_form_visible et_bloom_optin_2\" style=\"display: none;\">\n\t\t\t\t<style type=\"text\/css\">.et_bloom .et_bloom_optin_2 .et_bloom_form_content { background-color: #f4f4f4 !important; } .et_bloom .et_bloom_optin_2 .et_bloom_form_container .et_bloom_form_header { background-color: #df8300 !important; } .et_bloom .et_bloom_optin_2 .et_bloom_form_content button { background-color: #9a9d45 !important; } .et_bloom .et_bloom_optin_2 .et_bloom_form_content .et_bloom_fields i { color: #9a9d45 !important; } .et_bloom .et_bloom_optin_2 .et_bloom_form_content .et_bloom_custom_field_radio i:before { background: #9a9d45 !important; } .et_bloom .et_bloom_optin_2 .et_bloom_form_content button { background-color: #9a9d45 !important; } .et_bloom .et_bloom_optin_2 .et_bloom_form_container h2, .et_bloom .et_bloom_optin_2 .et_bloom_form_container h2 span, .et_bloom .et_bloom_optin_2 .et_bloom_form_container h2 strong { font-family: \"Open Sans\", Helvetica, Arial, Lucida, sans-serif; }.et_bloom .et_bloom_optin_2 .et_bloom_form_container p, .et_bloom .et_bloom_optin_2 .et_bloom_form_container p span, .et_bloom .et_bloom_optin_2 .et_bloom_form_container p strong, .et_bloom .et_bloom_optin_2 .et_bloom_form_container form input, .et_bloom .et_bloom_optin_2 .et_bloom_form_container form button span { font-family: \"Open Sans\", Helvetica, Arial, Lucida, sans-serif; } <\/style>\n\t\t\t\t<div class=\"et_bloom_form_container  et_bloom_rounded et_bloom_form_text_dark et_bloom_form_bottom et_bloom_inline_1_field\">\n\t\t\t\t\t\n\t\t\t<div class=\"et_bloom_form_container_wrapper clearfix\">\n\t\t\t\t<div class=\"et_bloom_header_outer\">\n\t\t\t\t\t<div class=\"et_bloom_form_header et_bloom_header_text_light\">\n\t\t\t\t\t\t\n\t\t\t\t\t\t\n\t\t\t\t\t\t\n\t\t\t\t\t<\/div>\n\t\t\t\t<\/div>\n\t\t\t\t<div class=\"et_bloom_form_content et_bloom_1_field et_bloom_bottom_inline\">\n\t\t\t\t\t\n\t\t\t\t\t\n\t\t\t\t\t<form method=\"post\" class=\"clearfix\">\n\t\t\t\t\t\t<div class=\"et_bloom_fields\">\n\t\t\t\t\t\t\t\n\t\t\t\t\t\t\t<p class=\"et_bloom_popup_input et_bloom_subscribe_email\">\n\t\t\t\t\t\t\t\t<input placeholder=\"Saisissez votre email\">\n\t\t\t\t\t\t\t<\/p>\n\t\t\t\t\t\t\t\n\t\t\t\t\t\t\t<button data-optin_id=\"optin_2\" data-service=\"sendinblue\" data-list_id=\"6\" data-page_id=\"26796\" data-account=\"lieutaud\" data-ip_address=\"false\" class=\"et_bloom_submit_subscription\">\n\t\t\t\t\t\t\t\t<span class=\"et_bloom_subscribe_loader\"><\/span>\n\t\t\t\t\t\t\t\t<span class=\"et_bloom_button_text et_bloom_button_text_color_light\">S&#039;INSCRIRE<\/span>\n\t\t\t\t\t\t\t<\/button>\n\t\t\t\t\t\t<\/div>\n\t\t\t\t\t<\/form>\n\t\t\t\t\t<div class=\"et_bloom_success_container\">\n\t\t\t\t\t\t<span class=\"et_bloom_success_checkmark\"><\/span>\n\t\t\t\t\t<\/div>\n\t\t\t\t\t<h2 class=\"et_bloom_success_message\">Vous avez \u00e9t\u00e9 inscrit avec succ\u00e8s !<\/h2>\n\t\t\t\t\t\n\t\t\t\t<\/div>\n\t\t\t<\/div>\n\t\t\t<span class=\"et_bloom_close_button\"><\/span>\n\t\t\t\t<\/div>\n\t\t\t<\/div> From the carriage to the coaches, experience the Lieutaud saga! Get to [&hellip;]<\/p>\n","protected":false},"author":3,"featured_media":0,"parent":0,"menu_order":0,"comment_status":"closed","ping_status":"closed","template":"","meta":{"_seopress_robots_primary_cat":"","_et_pb_use_builder":"on","_et_pb_old_content":"","_et_gb_content_width":""},"acf":[],"_links":{"self":[{"href":"https:\/\/petittrainvaison.com\/en\/wp-json\/wp\/v2\/pages\/26796"}],"collection":[{"href":"https:\/\/petittrainvaison.com\/en\/wp-json\/wp\/v2\/pages"}],"about":[{"href":"https:\/\/petittrainvaison.com\/en\/wp-json\/wp\/v2\/types\/page"}],"author":[{"embeddable":true,"href":"https:\/\/petittrainvaison.com\/en\/wp-json\/wp\/v2\/users\/3"}],"replies":[{"embeddable":true,"href":"https:\/\/petittrainvaison.com\/en\/wp-json\/wp\/v2\/comments?post=26796"}],"version-history":[{"count":0,"href":"https:\/\/petittrainvaison.com\/en\/wp-json\/wp\/v2\/pages\/26796\/revisions"}],"wp:attachment":[{"href":"https:\/\/petittrainvaison.com\/en\/wp-json\/wp\/v2\/media?parent=26796"}],"curies":[{"name":"wp","href":"https:\/\/api.w.org\/{rel}","templated":true}]}}